{"id":534,"date":"2016-09-16T19:55:58","date_gmt":"2016-09-16T19:55:58","guid":{"rendered":"http:\/\/sjevangelist.com\/school\/?page_id=534"},"modified":"2024-11-13T13:27:18","modified_gmt":"2024-11-13T19:27:18","slug":"bienvenidos","status":"publish","type":"page","link":"https:\/\/sjevangelist.com\/school\/bienvenidos\/","title":{"rendered":"\u00a1Bienvenidos!"},"content":{"rendered":"<div id=\"cs-content\" class=\"cs-content\"><div id=\"x-section-1\" class=\"x-section\" style=\"margin: 0px;padding: 35px 0px 45px; background-color: hsl(0, 0%, 96%);\" ><div id=\"\" class=\"x-container max width\" style=\"margin: 0px auto;padding: 0px;\" ><div  class=\"x-column x-sm x-1-1\" style=\"padding: 0px;border-style: solid;border-width: 0px 0px 1px;border-color: hsl(210, 30%, 24%);\" ><div  class=\"x-raw-content\" style=\"font-family:great vibes; font-size:400%; color:#2c3e50; margin-bottom:-36px;\"><link href='https:\/\/fonts.googleapis.com\/css?family=Great+Vibes' rel='stylesheet' type='text\/css'>\u00a1Bienvenidos!\n\n<\/div><\/div><\/div><div id=\"\" class=\"x-container max width\" style=\"margin: 0px auto;padding: 0px;\" ><div  class=\"x-column x-sm x-1-1\" style=\"padding: 20px 0px 0px;\" ><div id=\"\" class=\"x-text cs-ta-justify\" style=\"margin-left:30px;\" ><p>\u00a1Les damos la bienvenida a Saint John Catholic School (Escuela Cat\u00f3lica de San Juan) a todas las familias de nuestra iglesia! Saint John School tiene una rica tradici\u00f3n de celebrar las diversas culturas de nuestra comunidad, y la participaci\u00f3n de nuestros padres y alumnos de habla hispana enriquece a toda nuestra escuela. En todos los grados, desde el prescolar hasta octavo, los estudiantes reciben clases de espa\u00f1ol con la Se\u00f1ora Claudia Olea, que es de Santiago, Chile. Los invitamos a llamarnos al 785-843-9511 para hacer una cita con el director Mr. Jeff Harkin. <span>\u00c9<\/span>l estar\u00eda contenta de darles un tour de la escuela. Tambi\u00e9n pueden escribirle a la maestra de espa\u00f1ol, Sra. Claudia Olea <a href=\"mailto:colea@sjeagles.com\">colea@sjeagles.com<\/a>, si tienen cualquier pregunta.<\/p>\n<\/div><\/div><\/div><\/div><div id=\"x-section-2\" class=\"x-section\" style=\"margin: 0px;padding: 25px 0px 75px; background-color: transparent;\" ><div id=\"\" class=\"x-container max width\" style=\"margin: 0px auto;padding: 0px;\" ><div  class=\"x-column x-sm x-1-1\" style=\"padding: 0px;border-style: solid;border-width: 0 0 1px;border-color: hsl(210, 30%, 24%);\" ><div  class=\"x-raw-content\" style=\"font-family:great vibes; font-size:400%; color:#2c3e50; margin-bottom:-36px;\"><link href='https:\/\/fonts.googleapis.com\/css?family=Great+Vibes' rel='stylesheet' type='text\/css'>Welcome to St. John!\n\n<\/div><\/div><\/div><div id=\"\" class=\"x-container max width\" style=\"margin: 0px auto;padding: 0px;\" ><div  class=\"x-column x-sm x-1-1\" style=\"padding: 20px 0px 0px;\" ><div id=\"\" class=\"x-text cs-ta-justify\" style=\"margin-left:30px;\" ><p>St. John Catholic School has a rich tradition of benefiting from the contributions of Spanish speaking parents and students. Our students in grades preschool through eighth grade receive Spanish instruction from our full time Spanish Language teacher, Senora Claudia Olea, who is a native speaker from Chile. We welcome Spanish speaking students and families to St. John School. For more information, contact Senora Olea at <a href=\"mailto:colea@sjeagles.com\">olea@sjeagles.com<\/a>.<\/p>\n<\/div><\/div><\/div><\/div><\/div>\n","protected":false},"excerpt":{"rendered":"","protected":false},"author":1,"featured_media":0,"parent":0,"menu_order":0,"comment_status":"closed","ping_status":"closed","template":"template-blank-4.php","meta":{"footnotes":""},"class_list":["post-534","page","type-page","status-publish","hentry","no-post-thumbnail"],"yoast_head":"<!-- This site is optimized with the Yoast SEO plugin v27.3 - https:\/\/yoast.com\/product\/yoast-seo-wordpress\/ -->\n<title>\u00a1Bienvenidos! - St. John School<\/title>\n<meta name=\"robots\" content=\"index, follow, max-snippet:-1, max-image-preview:large, max-video-preview:-1\" \/>\n<link rel=\"canonical\" href=\"https:\/\/sjevangelist.com\/school\/bienvenidos\/\" \/>\n<meta property=\"og:locale\" content=\"en_US\" \/>\n<meta property=\"og:type\" content=\"article\" \/>\n<meta property=\"og:title\" content=\"\u00a1Bienvenidos! - St. John School\" \/>\n<meta property=\"og:url\" content=\"https:\/\/sjevangelist.com\/school\/bienvenidos\/\" \/>\n<meta property=\"og:site_name\" content=\"St. John School\" \/>\n<meta property=\"article:publisher\" content=\"https:\/\/www.facebook.com\/stjohnlawrence\" \/>\n<meta property=\"article:modified_time\" content=\"2024-11-13T19:27:18+00:00\" \/>\n<meta name=\"twitter:card\" content=\"summary_large_image\" \/>\n<meta name=\"twitter:label1\" content=\"Est. reading time\" \/>\n\t<meta name=\"twitter:data1\" content=\"3 minutes\" \/>\n<script type=\"application\/ld+json\" class=\"yoast-schema-graph\">{\"@context\":\"https:\\\/\\\/schema.org\",\"@graph\":[{\"@type\":\"WebPage\",\"@id\":\"https:\\\/\\\/sjevangelist.com\\\/school\\\/bienvenidos\\\/\",\"url\":\"https:\\\/\\\/sjevangelist.com\\\/school\\\/bienvenidos\\\/\",\"name\":\"\u00a1Bienvenidos! - St. John School\",\"isPartOf\":{\"@id\":\"https:\\\/\\\/sjevangelist.com\\\/school\\\/#website\"},\"datePublished\":\"2016-09-16T19:55:58+00:00\",\"dateModified\":\"2024-11-13T19:27:18+00:00\",\"breadcrumb\":{\"@id\":\"https:\\\/\\\/sjevangelist.com\\\/school\\\/bienvenidos\\\/#breadcrumb\"},\"inLanguage\":\"en-US\",\"potentialAction\":[{\"@type\":\"ReadAction\",\"target\":[\"https:\\\/\\\/sjevangelist.com\\\/school\\\/bienvenidos\\\/\"]}]},{\"@type\":\"BreadcrumbList\",\"@id\":\"https:\\\/\\\/sjevangelist.com\\\/school\\\/bienvenidos\\\/#breadcrumb\",\"itemListElement\":[{\"@type\":\"ListItem\",\"position\":1,\"name\":\"Home\",\"item\":\"https:\\\/\\\/sjevangelist.com\\\/school\\\/\"},{\"@type\":\"ListItem\",\"position\":2,\"name\":\"\u00a1Bienvenidos!\"}]},{\"@type\":\"WebSite\",\"@id\":\"https:\\\/\\\/sjevangelist.com\\\/school\\\/#website\",\"url\":\"https:\\\/\\\/sjevangelist.com\\\/school\\\/\",\"name\":\"St. John Catholic School\",\"description\":\"Preschool-8th Grade Catholic School in Downtown Lawrence, Kansas\",\"potentialAction\":[{\"@type\":\"SearchAction\",\"target\":{\"@type\":\"EntryPoint\",\"urlTemplate\":\"https:\\\/\\\/sjevangelist.com\\\/school\\\/?s={search_term_string}\"},\"query-input\":{\"@type\":\"PropertyValueSpecification\",\"valueRequired\":true,\"valueName\":\"search_term_string\"}}],\"inLanguage\":\"en-US\"}]}<\/script>\n<!-- \/ Yoast SEO plugin. -->","yoast_head_json":{"title":"\u00a1Bienvenidos! - St. John School","robots":{"index":"index","follow":"follow","max-snippet":"max-snippet:-1","max-image-preview":"max-image-preview:large","max-video-preview":"max-video-preview:-1"},"canonical":"https:\/\/sjevangelist.com\/school\/bienvenidos\/","og_locale":"en_US","og_type":"article","og_title":"\u00a1Bienvenidos! - St. John School","og_url":"https:\/\/sjevangelist.com\/school\/bienvenidos\/","og_site_name":"St. John School","article_publisher":"https:\/\/www.facebook.com\/stjohnlawrence","article_modified_time":"2024-11-13T19:27:18+00:00","twitter_card":"summary_large_image","twitter_misc":{"Est. reading time":"3 minutes"},"schema":{"@context":"https:\/\/schema.org","@graph":[{"@type":"WebPage","@id":"https:\/\/sjevangelist.com\/school\/bienvenidos\/","url":"https:\/\/sjevangelist.com\/school\/bienvenidos\/","name":"\u00a1Bienvenidos! - St. John School","isPartOf":{"@id":"https:\/\/sjevangelist.com\/school\/#website"},"datePublished":"2016-09-16T19:55:58+00:00","dateModified":"2024-11-13T19:27:18+00:00","breadcrumb":{"@id":"https:\/\/sjevangelist.com\/school\/bienvenidos\/#breadcrumb"},"inLanguage":"en-US","potentialAction":[{"@type":"ReadAction","target":["https:\/\/sjevangelist.com\/school\/bienvenidos\/"]}]},{"@type":"BreadcrumbList","@id":"https:\/\/sjevangelist.com\/school\/bienvenidos\/#breadcrumb","itemListElement":[{"@type":"ListItem","position":1,"name":"Home","item":"https:\/\/sjevangelist.com\/school\/"},{"@type":"ListItem","position":2,"name":"\u00a1Bienvenidos!"}]},{"@type":"WebSite","@id":"https:\/\/sjevangelist.com\/school\/#website","url":"https:\/\/sjevangelist.com\/school\/","name":"St. John Catholic School","description":"Preschool-8th Grade Catholic School in Downtown Lawrence, Kansas","potentialAction":[{"@type":"SearchAction","target":{"@type":"EntryPoint","urlTemplate":"https:\/\/sjevangelist.com\/school\/?s={search_term_string}"},"query-input":{"@type":"PropertyValueSpecification","valueRequired":true,"valueName":"search_term_string"}}],"inLanguage":"en-US"}]}},"_links":{"self":[{"href":"https:\/\/sjevangelist.com\/school\/wp-json\/wp\/v2\/pages\/534","targetHints":{"allow":["GET"]}}],"collection":[{"href":"https:\/\/sjevangelist.com\/school\/wp-json\/wp\/v2\/pages"}],"about":[{"href":"https:\/\/sjevangelist.com\/school\/wp-json\/wp\/v2\/types\/page"}],"author":[{"embeddable":true,"href":"https:\/\/sjevangelist.com\/school\/wp-json\/wp\/v2\/users\/1"}],"replies":[{"embeddable":true,"href":"https:\/\/sjevangelist.com\/school\/wp-json\/wp\/v2\/comments?post=534"}],"version-history":[{"count":5,"href":"https:\/\/sjevangelist.com\/school\/wp-json\/wp\/v2\/pages\/534\/revisions"}],"predecessor-version":[{"id":3916,"href":"https:\/\/sjevangelist.com\/school\/wp-json\/wp\/v2\/pages\/534\/revisions\/3916"}],"wp:attachment":[{"href":"https:\/\/sjevangelist.com\/school\/wp-json\/wp\/v2\/media?parent=534"}],"curies":[{"name":"wp","href":"https:\/\/api.w.org\/{rel}","templated":true}]}}